{"id":4,"date":"2007-07-17T01:52:17","date_gmt":"2007-07-16T23:52:17","guid":{"rendered":"http:\/\/www.jugend-hd.de\/jj-wp\/?page_id=4"},"modified":"2007-07-17T02:15:39","modified_gmt":"2007-07-17T00:15:39","slug":"1ziel-personlichkeit-entfalten","status":"publish","type":"page","link":"https:\/\/jugend-hd.de\/?page_id=4","title":{"rendered":"1.Ziel: Pers\u00f6nlichkeit entfalten"},"content":{"rendered":"<p><strong>1.Ziel: Pers\u00f6nlichkeit entfalten<\/strong><\/p>\n<p>Der BKL entfaltet seine Pers\u00f6nlichkeit, indem er sich alle 2 Wochen in der BKLT f\u00fcr 20 Min. mit seiner Tanks\u00e4ule trifft, um<\/p>\n<ul>\n<li>auszutauschen und dabei von den Erfahrungen anderer zu lernen (Wissen),<\/li>\n<li>zu beten (Motivation)\n<ul>\n<li>Anbetung Gottes<\/li>\n<li>Weitblick f\u00fcr Gottes Anliegen sch\u00e4rfen<\/li>\n<li>Fokus: \u201eWas brennt\u201c (Pers\u00f6nliche Anliegen)<\/li>\n<\/ul>\n<\/li>\n<li>und Rechenschaft auszu\u00fcben (Tun).\n<ul>\n<li>eine Rechenschaftsbeziehung mit Barmherzigkeit<\/li>\n<li>\u00fcber pers\u00f6nliche Herausforderungen<\/li>\n<li>und Siege<\/li>\n<\/ul>\n<\/li>\n<\/ul>\n<p><strong>Methode<\/strong><\/p>\n<ul>\n<li>in BKL-Tanks\u00e4ulen alle 2 Wochen<\/li>\n<li>in vertrauter Barmherzigkeit<\/li>\n<li>durch Austausch (<a href=\"http:\/\/jjworks.de\/static_collected\/dl\/bk\/Rechenschaftsbeziehungen%20Liste%20mit%20Fragen.pdf\" target=\"_blank\">Anregungen zum Gespr\u00e4ch<\/a>)<\/li>\n<li>durch Gebet<\/li>\n<li>durch Rechenschaft<\/li>\n<\/ul>\n","protected":false},"excerpt":{"rendered":"<p>1.Ziel: Pers\u00f6nlichkeit entfalten Der BKL entfaltet seine Pers\u00f6nlichkeit, indem er sich alle 2 Wochen in der BKLT f\u00fcr 20 Min. mit seiner Tanks\u00e4ule trifft, um auszutauschen und dabei von den Erfahrungen anderer zu lernen (Wissen),<\/p>\n","protected":false},"author":18,"featured_media":0,"parent":3,"menu_order":3,"comment_status":"open","ping_status":"closed","template":"","meta":{"footnotes":""},"class_list":["post-4","page","type-page","status-publish","hentry"],"_links":{"self":[{"href":"https:\/\/jugend-hd.de\/index.php?rest_route=\/wp\/v2\/pages\/4","targetHints":{"allow":["GET"]}}],"collection":[{"href":"https:\/\/jugend-hd.de\/index.php?rest_route=\/wp\/v2\/pages"}],"about":[{"href":"https:\/\/jugend-hd.de\/index.php?rest_route=\/wp\/v2\/types\/page"}],"author":[{"embeddable":true,"href":"https:\/\/jugend-hd.de\/index.php?rest_route=\/wp\/v2\/users\/18"}],"replies":[{"embeddable":true,"href":"https:\/\/jugend-hd.de\/index.php?rest_route=%2Fwp%2Fv2%2Fcomments&post=4"}],"version-history":[{"count":0,"href":"https:\/\/jugend-hd.de\/index.php?rest_route=\/wp\/v2\/pages\/4\/revisions"}],"up":[{"embeddable":true,"href":"https:\/\/jugend-hd.de\/index.php?rest_route=\/wp\/v2\/pages\/3"}],"wp:attachment":[{"href":"https:\/\/jugend-hd.de\/index.php?rest_route=%2Fwp%2Fv2%2Fmedia&parent=4"}],"curies":[{"name":"wp","href":"https:\/\/api.w.org\/{rel}","templated":true}]}}